{"id":6236,"date":"2017-02-06T10:56:57","date_gmt":"2017-02-06T10:56:57","guid":{"rendered":"http:\/\/vipimmobles.com\/?page_id=6236"},"modified":"2017-02-23T07:45:49","modified_gmt":"2017-02-23T07:45:49","slug":"compraventa-2","status":"publish","type":"page","link":"https:\/\/vipimmobles.com\/CA\/compraventa-2\/","title":{"rendered":"Compravenda d&#8217;immobles"},"content":{"rendered":"[vc_row animation=&#8221;fade-in&#8221; css=&#8221;.vc_custom_1486375743099{background-color: #ffffff !important;}&#8221;][vc_column border_color=&#8221;0&#8243; width=&#8221;1\/3&#8243;][vc_column_text]\n[\/vc_column_text][mk_image src=&#8221;http:\/\/vipimmobles.com\/wp-content\/uploads\/2017\/02\/notari.jpg&#8221; image_size=&#8221;medium&#8221; frame_style=&#8221;border_shadow&#8221; align=&#8221;center&#8221;][\/vc_column][vc_column width=&#8221;1\/3&#8243;][vc_column_text]\n[\/vc_column_text][mk_image src=&#8221;http:\/\/vipimmobles.com\/wp-content\/uploads\/2017\/02\/compraventa-1.jpg&#8221; image_size=&#8221;medium&#8221; frame_style=&#8221;border_shadow&#8221; align=&#8221;center&#8221;][\/vc_column][vc_column width=&#8221;1\/3&#8243;][vc_column_text]\n[\/vc_column_text][mk_image src=&#8221;http:\/\/vipimmobles.com\/wp-content\/uploads\/2017\/02\/piso.jpg&#8221; image_size=&#8221;medium&#8221; frame_style=&#8221;border_shadow&#8221; align=&#8221;center&#8221;][\/vc_column][\/vc_row][vc_row animation=&#8221;fade-in&#8221; css=&#8221;.vc_custom_1486375743099{background-color: #ffffff !important;}&#8221;][vc_column border_color=&#8221;0&#8243;][vc_column_text]\n[\/vc_column_text][mk_padding_divider size=&#8221;10&#8243;][mk_fancy_title size=&#8221;20&#8243; font_weight=&#8221;bold&#8221; font_style=&#8221;normal&#8221; margin_top=&#8221;30&#8243; margin_bottom=&#8221;10&#8243; font_family=&#8221;Lato&#8221; font_type=&#8221;google&#8221; align=&#8221;center&#8221;]\n<h3 style=\"text-align: center;\"><span style=\"color: #e53475;\">COMPRAVENDA D&#8217;IMMOBLES<\/span><\/h3>\n[\/mk_fancy_title][mk_divider style=&#8221;thin_solid&#8221; divider_width=&#8221;custom_width&#8221; custom_width=&#8221;125&#8243; thin_single_color=&#8221;#a7986b&#8221; margin_bottom=&#8221;30&#8243;][\/vc_column][\/vc_row][vc_row][vc_column width=&#8221;1\/4&#8243;][vc_column_text]\n[\/vc_column_text][vc_column_text]\n<h4>Es tracta de l&#8217;operaci\u00f3 econ\u00f2mica m\u00e9s important que fem en la nostra vida. Per aix\u00f2, comptar amb l&#8217;assessorament i la capacitat administrativa d&#8217;un professional independent \u00e9s molt important. Mediem i vetllem pels interessos d&#8217;ambdues parts, amb transpar\u00e8ncia i vocaci\u00f3 de servei.<\/h4>\n<h4><\/h4>\n[\/vc_column_text][\/vc_column][vc_column width=&#8221;3\/4&#8243;][vc_column_text]<strong>Compra d&#8217;immobles <\/strong><\/p>\n<ul>\n<li>Taxaci\u00f3 gratu\u00efta.<\/li>\n<li>Proposta econ\u00f2mica en 24 hores i compravenda davant notari en 30 dies.<\/li>\n<li>M\u00e0xima solv\u00e8ncia i serietat.<\/li>\n<\/ul>\n<p><strong>Venda d&#8217;immobles<\/strong><\/p>\n<ul>\n<li>Taxaci\u00f3 gratu\u00efta.<\/li>\n<li>Confecci\u00f3 del pla per part d\u2019un arquitecte col\u00b7legiat.<\/li>\n<li>Expedici\u00f3 de la c\u00e8dula d&#8217;habitabilitat.<\/li>\n<li>Publicitat en tots els mitjans.<\/li>\n<li>Confecci\u00f3 del contracte d&#8217;arres.<\/li>\n<li>Assist\u00e8ncia notarial.<\/li>\n<li>Tramitaci\u00f3 de la plusv\u00e0lua municipal.<\/li>\n<li>Cancel\u00b7laci\u00f3 de les c\u00e0rregues registrals.<\/li>\n<\/ul>\n[mk_button dimension=&#8221;savvy&#8221; corner_style=&#8221;full_rounded&#8221; icon=&#8221;mk-li-file&#8221; url=&#8221;http:\/\/vipimmobles.com\/contacto\/&#8221; margin_top=&#8221;5&#8243; margin_bottom=&#8221;0&#8243; outline_skin=&#8221;custom&#8221; outline_active_color=&#8221;#a7986b&#8221; outline_active_text_color=&#8221;#e53475&#8243; outline_hover_bg_color=&#8221;#e53475&#8243; outline_hover_color=&#8221;#ffffff&#8221;]CONTACTEU AMB NOSALTRES[\/mk_button][vc_column_text][\/vc_column_text][\/vc_column][\/vc_row][vc_row][vc_column][vc_column_text][\/vc_column_text][\/vc_column][vc_column width=&#8221;1\/3&#8243;][\/vc_column][\/vc_row]","protected":false},"excerpt":{"rendered":"<p>[vc_row animation=&#8221;fade-in&#8221; css=&#8221;.vc_custom_1486375743099{background-color: #ffffff !important;}&#8221;][vc_column border_color=&#8221;0&#8243; width=&#8221;1\/3&#8243;][vc_column_text] [\/vc_column_text][mk_image src=&#8221;http:\/\/vipimmobles.com\/wp-content\/uploads\/2017\/02\/notari.jpg&#8221; image_size=&#8221;medium&#8221; frame_style=&#8221;border_shadow&#8221; align=&#8221;center&#8221;][\/vc_column][vc_column width=&#8221;1\/3&#8243;][vc_column_text] [\/vc_column_text][mk_image src=&#8221;http:\/\/vipimmobles.com\/wp-content\/uploads\/2017\/02\/compraventa-1.jpg&#8221; image_size=&#8221;medium&#8221; frame_style=&#8221;border_shadow&#8221; align=&#8221;center&#8221;][\/vc_column][vc_column width=&#8221;1\/3&#8243;][vc_column_text] [\/vc_column_text][mk_image src=&#8221;http:\/\/vipimmobles.com\/wp-content\/uploads\/2017\/02\/piso.jpg&#8221; image_size=&#8221;medium&#8221; frame_style=&#8221;border_shadow&#8221; align=&#8221;center&#8221;][\/vc_column][\/vc_row][vc_row animation=&#8221;fade-in&#8221; css=&#8221;.vc_custom_1486375743099{background-color: #ffffff !important;}&#8221;][vc_column border_color=&#8221;0&#8243;][vc_column_text] [\/vc_column_text][mk_padding_divider size=&#8221;10&#8243;][mk_fancy_title size=&#8221;20&#8243; font_weight=&#8221;bold&#8221; font_style=&#8221;normal&#8221; margin_top=&#8221;30&#8243; margin_bottom=&#8221;10&#8243; font_family=&#8221;Lato&#8221; font_type=&#8221;google&#8221; align=&#8221;center&#8221;] COMPRAVENDA D&#8217;IMMOBLES [\/mk_fancy_title][mk_divider style=&#8221;thin_solid&#8221; divider_width=&#8221;custom_width&#8221; custom_width=&#8221;125&#8243; thin_single_color=&#8221;#a7986b&#8221; margin_bottom=&#8221;30&#8243;][\/vc_column][\/vc_row][vc_row][vc_column width=&#8221;1\/4&#8243;][vc_column_text] [\/vc_column_text][vc_column_text] Es tracta de l&#8217;operaci\u00f3 econ\u00f2mica m\u00e9s [&hellip;]<\/p>\n","protected":false},"author":3,"featured_media":0,"parent":0,"menu_order":0,"comment_status":"open","ping_status":"open","template":"","meta":{"_monsterinsights_skip_tracking":false,"_monsterinsights_sitenote_active":false,"_monsterinsights_sitenote_note":"","_monsterinsights_sitenote_category":0,"footnotes":""},"class_list":["post-6236","page","type-page","status-publish","hentry"],"yoast_head":"<!-- This site is optimized with the Yoast SEO plugin v27.4 - https:\/\/yoast.com\/product\/yoast-seo-wordpress\/ -->\n<title>Compravenda d&#039;immobles - Vipimmoble<\/title>\n<meta name=\"robots\" content=\"index, follow, max-snippet:-1, max-image-preview:large, max-video-preview:-1\" \/>\n<link rel=\"canonical\" href=\"https:\/\/vipimmobles.com\/CA\/compraventa-2\/\" \/>\n<meta property=\"og:locale\" content=\"en_US\" \/>\n<meta property=\"og:type\" content=\"article\" \/>\n<meta property=\"og:title\" content=\"Compravenda d&#039;immobles - Vipimmoble\" \/>\n<meta property=\"og:description\" content=\"[vc_row animation=&#8221;fade-in&#8221; css=&#8221;.vc_custom_1486375743099{background-color: #ffffff !important;}&#8221;][vc_column border_color=&#8221;0&#8243; width=&#8221;1\/3&#8243;][vc_column_text] [\/vc_column_text][mk_image src=&#8221;http:\/\/vipimmobles.com\/wp-content\/uploads\/2017\/02\/notari.jpg&#8221; image_size=&#8221;medium&#8221; frame_style=&#8221;border_shadow&#8221; align=&#8221;center&#8221;][\/vc_column][vc_column width=&#8221;1\/3&#8243;][vc_column_text] [\/vc_column_text][mk_image src=&#8221;http:\/\/vipimmobles.com\/wp-content\/uploads\/2017\/02\/compraventa-1.jpg&#8221; image_size=&#8221;medium&#8221; frame_style=&#8221;border_shadow&#8221; align=&#8221;center&#8221;][\/vc_column][vc_column width=&#8221;1\/3&#8243;][vc_column_text] [\/vc_column_text][mk_image src=&#8221;http:\/\/vipimmobles.com\/wp-content\/uploads\/2017\/02\/piso.jpg&#8221; image_size=&#8221;medium&#8221; frame_style=&#8221;border_shadow&#8221; align=&#8221;center&#8221;][\/vc_column][\/vc_row][vc_row animation=&#8221;fade-in&#8221; css=&#8221;.vc_custom_1486375743099{background-color: #ffffff !important;}&#8221;][vc_column border_color=&#8221;0&#8243;][vc_column_text] [\/vc_column_text][mk_padding_divider size=&#8221;10&#8243;][mk_fancy_title size=&#8221;20&#8243; font_weight=&#8221;bold&#8221; font_style=&#8221;normal&#8221; margin_top=&#8221;30&#8243; margin_bottom=&#8221;10&#8243; font_family=&#8221;Lato&#8221; font_type=&#8221;google&#8221; align=&#8221;center&#8221;] COMPRAVENDA D&#8217;IMMOBLES [\/mk_fancy_title][mk_divider style=&#8221;thin_solid&#8221; divider_width=&#8221;custom_width&#8221; custom_width=&#8221;125&#8243; thin_single_color=&#8221;#a7986b&#8221; margin_bottom=&#8221;30&#8243;][\/vc_column][\/vc_row][vc_row][vc_column width=&#8221;1\/4&#8243;][vc_column_text] [\/vc_column_text][vc_column_text] Es tracta de l&#8217;operaci\u00f3 econ\u00f2mica m\u00e9s [&hellip;]\" \/>\n<meta property=\"og:url\" content=\"https:\/\/vipimmobles.com\/CA\/compraventa-2\/\" \/>\n<meta property=\"og:site_name\" content=\"Vipimmoble\" \/>\n<meta property=\"article:modified_time\" content=\"2017-02-23T07:45:49+00:00\" \/>\n<meta name=\"twitter:card\" content=\"summary_large_image\" \/>\n<meta name=\"twitter:label1\" content=\"Est. reading time\" \/>\n\t<meta name=\"twitter:data1\" content=\"6 minutes\" \/>\n<script type=\"application\/ld+json\" class=\"yoast-schema-graph\">{\"@context\":\"https:\\\/\\\/schema.org\",\"@graph\":[{\"@type\":\"WebPage\",\"@id\":\"https:\\\/\\\/vipimmobles.com\\\/CA\\\/compraventa-2\\\/\",\"url\":\"https:\\\/\\\/vipimmobles.com\\\/CA\\\/compraventa-2\\\/\",\"name\":\"Compravenda d'immobles - Vipimmoble\",\"isPartOf\":{\"@id\":\"https:\\\/\\\/vipimmobles.com\\\/#website\"},\"datePublished\":\"2017-02-06T10:56:57+00:00\",\"dateModified\":\"2017-02-23T07:45:49+00:00\",\"breadcrumb\":{\"@id\":\"https:\\\/\\\/vipimmobles.com\\\/CA\\\/compraventa-2\\\/#breadcrumb\"},\"inLanguage\":\"CA\",\"potentialAction\":[{\"@type\":\"ReadAction\",\"target\":[\"https:\\\/\\\/vipimmobles.com\\\/CA\\\/compraventa-2\\\/\"]}]},{\"@type\":\"BreadcrumbList\",\"@id\":\"https:\\\/\\\/vipimmobles.com\\\/CA\\\/compraventa-2\\\/#breadcrumb\",\"itemListElement\":[{\"@type\":\"ListItem\",\"position\":1,\"name\":\"Portada\",\"item\":\"https:\\\/\\\/vipimmobles.com\\\/\"},{\"@type\":\"ListItem\",\"position\":2,\"name\":\"Compravenda d&#8217;immobles\"}]},{\"@type\":\"WebSite\",\"@id\":\"https:\\\/\\\/vipimmobles.com\\\/#website\",\"url\":\"https:\\\/\\\/vipimmobles.com\\\/\",\"name\":\"Vipimmoble\",\"description\":\"Asesoramiento y gesti\u00f3n integral de activos inmobiliarios\",\"publisher\":{\"@id\":\"https:\\\/\\\/vipimmobles.com\\\/#organization\"},\"potentialAction\":[{\"@type\":\"SearchAction\",\"target\":{\"@type\":\"EntryPoint\",\"urlTemplate\":\"https:\\\/\\\/vipimmobles.com\\\/?s={search_term_string}\"},\"query-input\":{\"@type\":\"PropertyValueSpecification\",\"valueRequired\":true,\"valueName\":\"search_term_string\"}}],\"inLanguage\":\"CA\"},{\"@type\":\"Organization\",\"@id\":\"https:\\\/\\\/vipimmobles.com\\\/#organization\",\"name\":\"vip immobles\",\"url\":\"https:\\\/\\\/vipimmobles.com\\\/\",\"logo\":{\"@type\":\"ImageObject\",\"inLanguage\":\"CA\",\"@id\":\"https:\\\/\\\/vipimmobles.com\\\/#\\\/schema\\\/logo\\\/image\\\/\",\"url\":\"https:\\\/\\\/vipimmobles.com\\\/wp-content\\\/uploads\\\/2017\\\/01\\\/logovp_20anos.png\",\"contentUrl\":\"https:\\\/\\\/vipimmobles.com\\\/wp-content\\\/uploads\\\/2017\\\/01\\\/logovp_20anos.png\",\"width\":150,\"height\":150,\"caption\":\"vip immobles\"},\"image\":{\"@id\":\"https:\\\/\\\/vipimmobles.com\\\/#\\\/schema\\\/logo\\\/image\\\/\"}}]}<\/script>\n<!-- \/ Yoast SEO plugin. -->","yoast_head_json":{"title":"Compravenda d'immobles - Vipimmoble","robots":{"index":"index","follow":"follow","max-snippet":"max-snippet:-1","max-image-preview":"max-image-preview:large","max-video-preview":"max-video-preview:-1"},"canonical":"https:\/\/vipimmobles.com\/CA\/compraventa-2\/","og_locale":"en_US","og_type":"article","og_title":"Compravenda d'immobles - Vipimmoble","og_description":"[vc_row animation=&#8221;fade-in&#8221; css=&#8221;.vc_custom_1486375743099{background-color: #ffffff !important;}&#8221;][vc_column border_color=&#8221;0&#8243; width=&#8221;1\/3&#8243;][vc_column_text] [\/vc_column_text][mk_image src=&#8221;http:\/\/vipimmobles.com\/wp-content\/uploads\/2017\/02\/notari.jpg&#8221; image_size=&#8221;medium&#8221; frame_style=&#8221;border_shadow&#8221; align=&#8221;center&#8221;][\/vc_column][vc_column width=&#8221;1\/3&#8243;][vc_column_text] [\/vc_column_text][mk_image src=&#8221;http:\/\/vipimmobles.com\/wp-content\/uploads\/2017\/02\/compraventa-1.jpg&#8221; image_size=&#8221;medium&#8221; frame_style=&#8221;border_shadow&#8221; align=&#8221;center&#8221;][\/vc_column][vc_column width=&#8221;1\/3&#8243;][vc_column_text] [\/vc_column_text][mk_image src=&#8221;http:\/\/vipimmobles.com\/wp-content\/uploads\/2017\/02\/piso.jpg&#8221; image_size=&#8221;medium&#8221; frame_style=&#8221;border_shadow&#8221; align=&#8221;center&#8221;][\/vc_column][\/vc_row][vc_row animation=&#8221;fade-in&#8221; css=&#8221;.vc_custom_1486375743099{background-color: #ffffff !important;}&#8221;][vc_column border_color=&#8221;0&#8243;][vc_column_text] [\/vc_column_text][mk_padding_divider size=&#8221;10&#8243;][mk_fancy_title size=&#8221;20&#8243; font_weight=&#8221;bold&#8221; font_style=&#8221;normal&#8221; margin_top=&#8221;30&#8243; margin_bottom=&#8221;10&#8243; font_family=&#8221;Lato&#8221; font_type=&#8221;google&#8221; align=&#8221;center&#8221;] COMPRAVENDA D&#8217;IMMOBLES [\/mk_fancy_title][mk_divider style=&#8221;thin_solid&#8221; divider_width=&#8221;custom_width&#8221; custom_width=&#8221;125&#8243; thin_single_color=&#8221;#a7986b&#8221; margin_bottom=&#8221;30&#8243;][\/vc_column][\/vc_row][vc_row][vc_column width=&#8221;1\/4&#8243;][vc_column_text] [\/vc_column_text][vc_column_text] Es tracta de l&#8217;operaci\u00f3 econ\u00f2mica m\u00e9s [&hellip;]","og_url":"https:\/\/vipimmobles.com\/CA\/compraventa-2\/","og_site_name":"Vipimmoble","article_modified_time":"2017-02-23T07:45:49+00:00","twitter_card":"summary_large_image","twitter_misc":{"Est. reading time":"6 minutes"},"schema":{"@context":"https:\/\/schema.org","@graph":[{"@type":"WebPage","@id":"https:\/\/vipimmobles.com\/CA\/compraventa-2\/","url":"https:\/\/vipimmobles.com\/CA\/compraventa-2\/","name":"Compravenda d'immobles - Vipimmoble","isPartOf":{"@id":"https:\/\/vipimmobles.com\/#website"},"datePublished":"2017-02-06T10:56:57+00:00","dateModified":"2017-02-23T07:45:49+00:00","breadcrumb":{"@id":"https:\/\/vipimmobles.com\/CA\/compraventa-2\/#breadcrumb"},"inLanguage":"CA","potentialAction":[{"@type":"ReadAction","target":["https:\/\/vipimmobles.com\/CA\/compraventa-2\/"]}]},{"@type":"BreadcrumbList","@id":"https:\/\/vipimmobles.com\/CA\/compraventa-2\/#breadcrumb","itemListElement":[{"@type":"ListItem","position":1,"name":"Portada","item":"https:\/\/vipimmobles.com\/"},{"@type":"ListItem","position":2,"name":"Compravenda d&#8217;immobles"}]},{"@type":"WebSite","@id":"https:\/\/vipimmobles.com\/#website","url":"https:\/\/vipimmobles.com\/","name":"Vipimmoble","description":"Asesoramiento y gesti\u00f3n integral de activos inmobiliarios","publisher":{"@id":"https:\/\/vipimmobles.com\/#organization"},"potentialAction":[{"@type":"SearchAction","target":{"@type":"EntryPoint","urlTemplate":"https:\/\/vipimmobles.com\/?s={search_term_string}"},"query-input":{"@type":"PropertyValueSpecification","valueRequired":true,"valueName":"search_term_string"}}],"inLanguage":"CA"},{"@type":"Organization","@id":"https:\/\/vipimmobles.com\/#organization","name":"vip immobles","url":"https:\/\/vipimmobles.com\/","logo":{"@type":"ImageObject","inLanguage":"CA","@id":"https:\/\/vipimmobles.com\/#\/schema\/logo\/image\/","url":"https:\/\/vipimmobles.com\/wp-content\/uploads\/2017\/01\/logovp_20anos.png","contentUrl":"https:\/\/vipimmobles.com\/wp-content\/uploads\/2017\/01\/logovp_20anos.png","width":150,"height":150,"caption":"vip immobles"},"image":{"@id":"https:\/\/vipimmobles.com\/#\/schema\/logo\/image\/"}}]}},"_links":{"self":[{"href":"https:\/\/vipimmobles.com\/CA\/wp-json\/wp\/v2\/pages\/6236","targetHints":{"allow":["GET"]}}],"collection":[{"href":"https:\/\/vipimmobles.com\/CA\/wp-json\/wp\/v2\/pages"}],"about":[{"href":"https:\/\/vipimmobles.com\/CA\/wp-json\/wp\/v2\/types\/page"}],"author":[{"embeddable":true,"href":"https:\/\/vipimmobles.com\/CA\/wp-json\/wp\/v2\/users\/3"}],"replies":[{"embeddable":true,"href":"https:\/\/vipimmobles.com\/CA\/wp-json\/wp\/v2\/comments?post=6236"}],"version-history":[{"count":10,"href":"https:\/\/vipimmobles.com\/CA\/wp-json\/wp\/v2\/pages\/6236\/revisions"}],"predecessor-version":[{"id":6812,"href":"https:\/\/vipimmobles.com\/CA\/wp-json\/wp\/v2\/pages\/6236\/revisions\/6812"}],"wp:attachment":[{"href":"https:\/\/vipimmobles.com\/CA\/wp-json\/wp\/v2\/media?parent=6236"}],"curies":[{"name":"wp","href":"https:\/\/api.w.org\/{rel}","templated":true}]}}