{"id":6241,"date":"2017-02-06T11:03:07","date_gmt":"2017-02-06T11:03:07","guid":{"rendered":"http:\/\/vipimmobles.com\/?page_id=6241"},"modified":"2017-02-23T08:05:52","modified_gmt":"2017-02-23T08:05:52","slug":"tramitaciones","status":"publish","type":"page","link":"https:\/\/vipimmobles.com\/CA\/tramitaciones\/","title":{"rendered":"Servei de tramitacions i certificacions"},"content":{"rendered":"[vc_row animation=&#8221;fade-in&#8221; css=&#8221;.vc_custom_1486375743099{background-color: #ffffff !important;}&#8221;][vc_column border_color=&#8221;0&#8243; width=&#8221;1\/3&#8243;][vc_column_text]\n[\/vc_column_text][mk_image src=&#8221;http:\/\/vipimmobles.com\/wp-content\/uploads\/2017\/02\/habitalidad-1.jpg&#8221; image_size=&#8221;medium&#8221; frame_style=&#8221;border_shadow&#8221; align=&#8221;center&#8221;][mk_padding_divider size=&#8221;10&#8243;][\/vc_column][vc_column width=&#8221;1\/3&#8243;][vc_column_text]\n[\/vc_column_text][mk_image src=&#8221;http:\/\/vipimmobles.com\/wp-content\/uploads\/2017\/02\/tramitaciones.jpg&#8221; image_size=&#8221;medium&#8221; frame_style=&#8221;border_shadow&#8221; align=&#8221;center&#8221;][mk_padding_divider size=&#8221;10&#8243;][\/vc_column][vc_column width=&#8221;1\/3&#8243;][vc_column_text]\n[\/vc_column_text][mk_image src=&#8221;http:\/\/vipimmobles.com\/wp-content\/uploads\/2017\/02\/certificacion_energetica.jpg&#8221; image_size=&#8221;medium&#8221; frame_style=&#8221;border_shadow&#8221; align=&#8221;center&#8221;][mk_padding_divider size=&#8221;10&#8243;][\/vc_column][\/vc_row][vc_row animation=&#8221;fade-in&#8221; css=&#8221;.vc_custom_1486375743099{background-color: #ffffff !important;}&#8221;][vc_column border_color=&#8221;0&#8243;][vc_column_text]\n[\/vc_column_text][mk_fancy_title size=&#8221;20&#8243; font_weight=&#8221;bold&#8221; font_style=&#8221;normal&#8221; margin_top=&#8221;30&#8243; margin_bottom=&#8221;10&#8243; font_family=&#8221;Lato&#8221; font_type=&#8221;google&#8221; align=&#8221;center&#8221;]\n<h3 style=\"text-align: center;\"><span style=\"color: #e53475;\">SERVEI DE TRAMITACIONS I CERTIFICACIONS<\/span><\/h3>\n[\/mk_fancy_title][mk_divider style=&#8221;thin_solid&#8221; divider_width=&#8221;custom_width&#8221; custom_width=&#8221;125&#8243; thin_single_color=&#8221;#a7986b&#8221; margin_bottom=&#8221;30&#8243;][\/vc_column][\/vc_row][vc_row][vc_column width=&#8221;1\/4&#8243;][vc_column_text]\n[\/vc_column_text][vc_column_text]\n<h4>Si necessiteu tramitar o renovar la c\u00e8dula d&#8217;habitabilitat o la certificaci\u00f3 energ\u00e8tica o, senzillament, heu de realitzar tr\u00e0mits de qualsevol mena per al vostre habitatge, posem al vostre servei la nostra capacitat administrativa, que us facilitar\u00e0 la tasca.<\/h4>\n<h4><\/h4>\n[\/vc_column_text][\/vc_column][vc_column width=&#8221;3\/4&#8243;][vc_column_text]\n<h4><span style=\"color: #333333;\"><strong>C\u00e8dula d&#8217;habitabilitat d&#8217;habitatge<\/strong><\/span><\/h4>\n<p>La c\u00e8dula d&#8217;habitabilitat \u00e9s imprescindible per realitzar moltes gestions relacionades amb l&#8217;ocupaci\u00f3 d&#8217;un habitatge, com ara demanar una hipoteca o donar-se d&#8217;alta de la llum.<\/p>\n<p>Nom\u00e9s heu de contactar-nos. Passarem a certificar l&#8217;habitatge, lliurant-vos la certificaci\u00f3 provisional i tramitant la sol\u00b7licitud de la c\u00e8dula d&#8217;habitabilitat al Departament de Territori i Sostenibilitat de la Generalitat.<\/p>\n<p>&nbsp;<\/p>\n<h4><strong>Certificaci\u00f3 d&#8217;Efici\u00e8ncia Energ\u00e8tica<\/strong><\/h4>\n<p><strong><span style=\"color: #e53475;\">Si veneu o llogueu un habitatge, necessitareu la certificaci\u00f3 d&#8217;efici\u00e8ncia energ\u00e8tica.<\/span><\/strong><\/p>\n<p>Es tracta d&#8217;un document subscrit per un t\u00e8cnic certificador que cont\u00e9 informaci\u00f3 sobre les caracter\u00edstiques i l&#8217;efici\u00e8ncia energ\u00e8tiques d&#8217;un edifici o una unitat d&#8217;un edifici.<\/p>\n<p>El certificat mesura el consum d&#8217;energia que s&#8217;estima necessari per satisfer la demanda de l&#8217;edifici en unes condicions normals de funcionament i ocupaci\u00f3: calefacci\u00f3, refrigeraci\u00f3, ventilaci\u00f3, producci\u00f3 d&#8217;aigua calenta sanit\u00e0ria (ACS) i il\u00b7luminaci\u00f3.<\/p>\n<p>El nostre equip de professionals podr\u00e0 realitzar la certificaci\u00f3 energ\u00e8tica dels vostres immobles.<br \/>\n[\/vc_column_text][mk_button dimension=&#8221;savvy&#8221; corner_style=&#8221;full_rounded&#8221; icon=&#8221;mk-li-users&#8221; url=&#8221;http:\/\/vipimmobles.com\/contacto\/&#8221; align=&#8221;right&#8221; margin_top=&#8221;5&#8243; margin_bottom=&#8221;0&#8243; outline_skin=&#8221;custom&#8221; outline_active_color=&#8221;#a7986b&#8221; outline_active_text_color=&#8221;#e53475&#8243; outline_hover_bg_color=&#8221;#e53475&#8243; outline_hover_color=&#8221;#ffffff&#8221;]CONTACTEU AMB NOSALTRES&#8230;[\/mk_button][vc_column_text][\/vc_column_text][\/vc_column][\/vc_row][vc_row][vc_column][vc_column_text][\/vc_column_text][\/vc_column][vc_column width=&#8221;1\/3&#8243;][\/vc_column][\/vc_row]","protected":false},"excerpt":{"rendered":"<p>[vc_row animation=&#8221;fade-in&#8221; css=&#8221;.vc_custom_1486375743099{background-color: #ffffff !important;}&#8221;][vc_column border_color=&#8221;0&#8243; width=&#8221;1\/3&#8243;][vc_column_text] [\/vc_column_text][mk_image src=&#8221;http:\/\/vipimmobles.com\/wp-content\/uploads\/2017\/02\/habitalidad-1.jpg&#8221; image_size=&#8221;medium&#8221; frame_style=&#8221;border_shadow&#8221; align=&#8221;center&#8221;][mk_padding_divider size=&#8221;10&#8243;][\/vc_column][vc_column width=&#8221;1\/3&#8243;][vc_column_text] [\/vc_column_text][mk_image src=&#8221;http:\/\/vipimmobles.com\/wp-content\/uploads\/2017\/02\/tramitaciones.jpg&#8221; image_size=&#8221;medium&#8221; frame_style=&#8221;border_shadow&#8221; align=&#8221;center&#8221;][mk_padding_divider size=&#8221;10&#8243;][\/vc_column][vc_column width=&#8221;1\/3&#8243;][vc_column_text] [\/vc_column_text][mk_image src=&#8221;http:\/\/vipimmobles.com\/wp-content\/uploads\/2017\/02\/certificacion_energetica.jpg&#8221; image_size=&#8221;medium&#8221; frame_style=&#8221;border_shadow&#8221; align=&#8221;center&#8221;][mk_padding_divider size=&#8221;10&#8243;][\/vc_column][\/vc_row][vc_row animation=&#8221;fade-in&#8221; css=&#8221;.vc_custom_1486375743099{background-color: #ffffff !important;}&#8221;][vc_column border_color=&#8221;0&#8243;][vc_column_text] [\/vc_column_text][mk_fancy_title size=&#8221;20&#8243; font_weight=&#8221;bold&#8221; font_style=&#8221;normal&#8221; margin_top=&#8221;30&#8243; margin_bottom=&#8221;10&#8243; font_family=&#8221;Lato&#8221; font_type=&#8221;google&#8221; align=&#8221;center&#8221;] SERVEI DE TRAMITACIONS I CERTIFICACIONS [\/mk_fancy_title][mk_divider style=&#8221;thin_solid&#8221; divider_width=&#8221;custom_width&#8221; custom_width=&#8221;125&#8243; thin_single_color=&#8221;#a7986b&#8221; margin_bottom=&#8221;30&#8243;][\/vc_column][\/vc_row][vc_row][vc_column width=&#8221;1\/4&#8243;][vc_column_text] [\/vc_column_text][vc_column_text] Si [&hellip;]<\/p>\n","protected":false},"author":3,"featured_media":0,"parent":0,"menu_order":0,"comment_status":"open","ping_status":"open","template":"","meta":{"_monsterinsights_skip_tracking":false,"_monsterinsights_sitenote_active":false,"_monsterinsights_sitenote_note":"","_monsterinsights_sitenote_category":0,"footnotes":""},"class_list":["post-6241","page","type-page","status-publish","hentry"],"yoast_head":"<!-- This site is optimized with the Yoast SEO plugin v27.4 - https:\/\/yoast.com\/product\/yoast-seo-wordpress\/ -->\n<title>Servei de tramitacions i certificacions - Vipimmoble<\/title>\n<meta name=\"robots\" content=\"index, follow, max-snippet:-1, max-image-preview:large, max-video-preview:-1\" \/>\n<link rel=\"canonical\" href=\"https:\/\/vipimmobles.com\/tramitaciones\/\" \/>\n<meta property=\"og:locale\" content=\"en_US\" \/>\n<meta property=\"og:type\" content=\"article\" \/>\n<meta property=\"og:title\" content=\"Servei de tramitacions i certificacions - Vipimmoble\" \/>\n<meta property=\"og:description\" content=\"[vc_row animation=&#8221;fade-in&#8221; css=&#8221;.vc_custom_1486375743099{background-color: #ffffff !important;}&#8221;][vc_column border_color=&#8221;0&#8243; width=&#8221;1\/3&#8243;][vc_column_text] [\/vc_column_text][mk_image src=&#8221;http:\/\/vipimmobles.com\/wp-content\/uploads\/2017\/02\/habitalidad-1.jpg&#8221; image_size=&#8221;medium&#8221; frame_style=&#8221;border_shadow&#8221; align=&#8221;center&#8221;][mk_padding_divider size=&#8221;10&#8243;][\/vc_column][vc_column width=&#8221;1\/3&#8243;][vc_column_text] [\/vc_column_text][mk_image src=&#8221;http:\/\/vipimmobles.com\/wp-content\/uploads\/2017\/02\/tramitaciones.jpg&#8221; image_size=&#8221;medium&#8221; frame_style=&#8221;border_shadow&#8221; align=&#8221;center&#8221;][mk_padding_divider size=&#8221;10&#8243;][\/vc_column][vc_column width=&#8221;1\/3&#8243;][vc_column_text] [\/vc_column_text][mk_image src=&#8221;http:\/\/vipimmobles.com\/wp-content\/uploads\/2017\/02\/certificacion_energetica.jpg&#8221; image_size=&#8221;medium&#8221; frame_style=&#8221;border_shadow&#8221; align=&#8221;center&#8221;][mk_padding_divider size=&#8221;10&#8243;][\/vc_column][\/vc_row][vc_row animation=&#8221;fade-in&#8221; css=&#8221;.vc_custom_1486375743099{background-color: #ffffff !important;}&#8221;][vc_column border_color=&#8221;0&#8243;][vc_column_text] [\/vc_column_text][mk_fancy_title size=&#8221;20&#8243; font_weight=&#8221;bold&#8221; font_style=&#8221;normal&#8221; margin_top=&#8221;30&#8243; margin_bottom=&#8221;10&#8243; font_family=&#8221;Lato&#8221; font_type=&#8221;google&#8221; align=&#8221;center&#8221;] SERVEI DE TRAMITACIONS I CERTIFICACIONS [\/mk_fancy_title][mk_divider style=&#8221;thin_solid&#8221; divider_width=&#8221;custom_width&#8221; custom_width=&#8221;125&#8243; thin_single_color=&#8221;#a7986b&#8221; margin_bottom=&#8221;30&#8243;][\/vc_column][\/vc_row][vc_row][vc_column width=&#8221;1\/4&#8243;][vc_column_text] [\/vc_column_text][vc_column_text] Si [&hellip;]\" \/>\n<meta property=\"og:url\" content=\"https:\/\/vipimmobles.com\/tramitaciones\/\" \/>\n<meta property=\"og:site_name\" content=\"Vipimmoble\" \/>\n<meta property=\"article:modified_time\" content=\"2017-02-23T08:05:52+00:00\" \/>\n<meta name=\"twitter:card\" content=\"summary_large_image\" \/>\n<meta name=\"twitter:label1\" content=\"Est. reading time\" \/>\n\t<meta name=\"twitter:data1\" content=\"7 minutes\" \/>\n<script type=\"application\/ld+json\" class=\"yoast-schema-graph\">{\"@context\":\"https:\\\/\\\/schema.org\",\"@graph\":[{\"@type\":\"WebPage\",\"@id\":\"https:\\\/\\\/vipimmobles.com\\\/tramitaciones\\\/\",\"url\":\"https:\\\/\\\/vipimmobles.com\\\/tramitaciones\\\/\",\"name\":\"Servei de tramitacions i certificacions - Vipimmoble\",\"isPartOf\":{\"@id\":\"https:\\\/\\\/vipimmobles.com\\\/#website\"},\"datePublished\":\"2017-02-06T11:03:07+00:00\",\"dateModified\":\"2017-02-23T08:05:52+00:00\",\"breadcrumb\":{\"@id\":\"https:\\\/\\\/vipimmobles.com\\\/tramitaciones\\\/#breadcrumb\"},\"inLanguage\":\"CA\",\"potentialAction\":[{\"@type\":\"ReadAction\",\"target\":[\"https:\\\/\\\/vipimmobles.com\\\/tramitaciones\\\/\"]}]},{\"@type\":\"BreadcrumbList\",\"@id\":\"https:\\\/\\\/vipimmobles.com\\\/tramitaciones\\\/#breadcrumb\",\"itemListElement\":[{\"@type\":\"ListItem\",\"position\":1,\"name\":\"Portada\",\"item\":\"https:\\\/\\\/vipimmobles.com\\\/\"},{\"@type\":\"ListItem\",\"position\":2,\"name\":\"Servicio de tramitaciones y certificaciones\"}]},{\"@type\":\"WebSite\",\"@id\":\"https:\\\/\\\/vipimmobles.com\\\/#website\",\"url\":\"https:\\\/\\\/vipimmobles.com\\\/\",\"name\":\"Vipimmoble\",\"description\":\"Asesoramiento y gesti\u00f3n integral de activos inmobiliarios\",\"publisher\":{\"@id\":\"https:\\\/\\\/vipimmobles.com\\\/#organization\"},\"potentialAction\":[{\"@type\":\"SearchAction\",\"target\":{\"@type\":\"EntryPoint\",\"urlTemplate\":\"https:\\\/\\\/vipimmobles.com\\\/?s={search_term_string}\"},\"query-input\":{\"@type\":\"PropertyValueSpecification\",\"valueRequired\":true,\"valueName\":\"search_term_string\"}}],\"inLanguage\":\"CA\"},{\"@type\":\"Organization\",\"@id\":\"https:\\\/\\\/vipimmobles.com\\\/#organization\",\"name\":\"vip immobles\",\"url\":\"https:\\\/\\\/vipimmobles.com\\\/\",\"logo\":{\"@type\":\"ImageObject\",\"inLanguage\":\"CA\",\"@id\":\"https:\\\/\\\/vipimmobles.com\\\/#\\\/schema\\\/logo\\\/image\\\/\",\"url\":\"https:\\\/\\\/vipimmobles.com\\\/wp-content\\\/uploads\\\/2017\\\/01\\\/logovp_20anos.png\",\"contentUrl\":\"https:\\\/\\\/vipimmobles.com\\\/wp-content\\\/uploads\\\/2017\\\/01\\\/logovp_20anos.png\",\"width\":150,\"height\":150,\"caption\":\"vip immobles\"},\"image\":{\"@id\":\"https:\\\/\\\/vipimmobles.com\\\/#\\\/schema\\\/logo\\\/image\\\/\"}}]}<\/script>\n<!-- \/ Yoast SEO plugin. -->","yoast_head_json":{"title":"Servei de tramitacions i certificacions - Vipimmoble","robots":{"index":"index","follow":"follow","max-snippet":"max-snippet:-1","max-image-preview":"max-image-preview:large","max-video-preview":"max-video-preview:-1"},"canonical":"https:\/\/vipimmobles.com\/tramitaciones\/","og_locale":"en_US","og_type":"article","og_title":"Servei de tramitacions i certificacions - Vipimmoble","og_description":"[vc_row animation=&#8221;fade-in&#8221; css=&#8221;.vc_custom_1486375743099{background-color: #ffffff !important;}&#8221;][vc_column border_color=&#8221;0&#8243; width=&#8221;1\/3&#8243;][vc_column_text] [\/vc_column_text][mk_image src=&#8221;http:\/\/vipimmobles.com\/wp-content\/uploads\/2017\/02\/habitalidad-1.jpg&#8221; image_size=&#8221;medium&#8221; frame_style=&#8221;border_shadow&#8221; align=&#8221;center&#8221;][mk_padding_divider size=&#8221;10&#8243;][\/vc_column][vc_column width=&#8221;1\/3&#8243;][vc_column_text] [\/vc_column_text][mk_image src=&#8221;http:\/\/vipimmobles.com\/wp-content\/uploads\/2017\/02\/tramitaciones.jpg&#8221; image_size=&#8221;medium&#8221; frame_style=&#8221;border_shadow&#8221; align=&#8221;center&#8221;][mk_padding_divider size=&#8221;10&#8243;][\/vc_column][vc_column width=&#8221;1\/3&#8243;][vc_column_text] [\/vc_column_text][mk_image src=&#8221;http:\/\/vipimmobles.com\/wp-content\/uploads\/2017\/02\/certificacion_energetica.jpg&#8221; image_size=&#8221;medium&#8221; frame_style=&#8221;border_shadow&#8221; align=&#8221;center&#8221;][mk_padding_divider size=&#8221;10&#8243;][\/vc_column][\/vc_row][vc_row animation=&#8221;fade-in&#8221; css=&#8221;.vc_custom_1486375743099{background-color: #ffffff !important;}&#8221;][vc_column border_color=&#8221;0&#8243;][vc_column_text] [\/vc_column_text][mk_fancy_title size=&#8221;20&#8243; font_weight=&#8221;bold&#8221; font_style=&#8221;normal&#8221; margin_top=&#8221;30&#8243; margin_bottom=&#8221;10&#8243; font_family=&#8221;Lato&#8221; font_type=&#8221;google&#8221; align=&#8221;center&#8221;] SERVEI DE TRAMITACIONS I CERTIFICACIONS [\/mk_fancy_title][mk_divider style=&#8221;thin_solid&#8221; divider_width=&#8221;custom_width&#8221; custom_width=&#8221;125&#8243; thin_single_color=&#8221;#a7986b&#8221; margin_bottom=&#8221;30&#8243;][\/vc_column][\/vc_row][vc_row][vc_column width=&#8221;1\/4&#8243;][vc_column_text] [\/vc_column_text][vc_column_text] Si [&hellip;]","og_url":"https:\/\/vipimmobles.com\/tramitaciones\/","og_site_name":"Vipimmoble","article_modified_time":"2017-02-23T08:05:52+00:00","twitter_card":"summary_large_image","twitter_misc":{"Est. reading time":"7 minutes"},"schema":{"@context":"https:\/\/schema.org","@graph":[{"@type":"WebPage","@id":"https:\/\/vipimmobles.com\/tramitaciones\/","url":"https:\/\/vipimmobles.com\/tramitaciones\/","name":"Servei de tramitacions i certificacions - Vipimmoble","isPartOf":{"@id":"https:\/\/vipimmobles.com\/#website"},"datePublished":"2017-02-06T11:03:07+00:00","dateModified":"2017-02-23T08:05:52+00:00","breadcrumb":{"@id":"https:\/\/vipimmobles.com\/tramitaciones\/#breadcrumb"},"inLanguage":"CA","potentialAction":[{"@type":"ReadAction","target":["https:\/\/vipimmobles.com\/tramitaciones\/"]}]},{"@type":"BreadcrumbList","@id":"https:\/\/vipimmobles.com\/tramitaciones\/#breadcrumb","itemListElement":[{"@type":"ListItem","position":1,"name":"Portada","item":"https:\/\/vipimmobles.com\/"},{"@type":"ListItem","position":2,"name":"Servicio de tramitaciones y certificaciones"}]},{"@type":"WebSite","@id":"https:\/\/vipimmobles.com\/#website","url":"https:\/\/vipimmobles.com\/","name":"Vipimmoble","description":"Asesoramiento y gesti\u00f3n integral de activos inmobiliarios","publisher":{"@id":"https:\/\/vipimmobles.com\/#organization"},"potentialAction":[{"@type":"SearchAction","target":{"@type":"EntryPoint","urlTemplate":"https:\/\/vipimmobles.com\/?s={search_term_string}"},"query-input":{"@type":"PropertyValueSpecification","valueRequired":true,"valueName":"search_term_string"}}],"inLanguage":"CA"},{"@type":"Organization","@id":"https:\/\/vipimmobles.com\/#organization","name":"vip immobles","url":"https:\/\/vipimmobles.com\/","logo":{"@type":"ImageObject","inLanguage":"CA","@id":"https:\/\/vipimmobles.com\/#\/schema\/logo\/image\/","url":"https:\/\/vipimmobles.com\/wp-content\/uploads\/2017\/01\/logovp_20anos.png","contentUrl":"https:\/\/vipimmobles.com\/wp-content\/uploads\/2017\/01\/logovp_20anos.png","width":150,"height":150,"caption":"vip immobles"},"image":{"@id":"https:\/\/vipimmobles.com\/#\/schema\/logo\/image\/"}}]}},"_links":{"self":[{"href":"https:\/\/vipimmobles.com\/CA\/wp-json\/wp\/v2\/pages\/6241","targetHints":{"allow":["GET"]}}],"collection":[{"href":"https:\/\/vipimmobles.com\/CA\/wp-json\/wp\/v2\/pages"}],"about":[{"href":"https:\/\/vipimmobles.com\/CA\/wp-json\/wp\/v2\/types\/page"}],"author":[{"embeddable":true,"href":"https:\/\/vipimmobles.com\/CA\/wp-json\/wp\/v2\/users\/3"}],"replies":[{"embeddable":true,"href":"https:\/\/vipimmobles.com\/CA\/wp-json\/wp\/v2\/comments?post=6241"}],"version-history":[{"count":26,"href":"https:\/\/vipimmobles.com\/CA\/wp-json\/wp\/v2\/pages\/6241\/revisions"}],"predecessor-version":[{"id":6818,"href":"https:\/\/vipimmobles.com\/CA\/wp-json\/wp\/v2\/pages\/6241\/revisions\/6818"}],"wp:attachment":[{"href":"https:\/\/vipimmobles.com\/CA\/wp-json\/wp\/v2\/media?parent=6241"}],"curies":[{"name":"wp","href":"https:\/\/api.w.org\/{rel}","templated":true}]}}