{"id":6027,"date":"2017-01-31T12:03:54","date_gmt":"2017-01-31T12:03:54","guid":{"rendered":"http:\/\/vipimmobles.com\/?page_id=6027"},"modified":"2024-07-25T11:33:49","modified_gmt":"2024-07-25T11:33:49","slug":"aviso-legal","status":"publish","type":"page","link":"https:\/\/vipimmobles.com\/en\/aviso-legal\/","title":{"rendered":"Aviso legal"},"content":{"rendered":"[vc_row][vc_column][mk_padding_divider size=&#8221;167&#8243;][vc_column_text]<strong>\u00a0AVISO LEGAL Y CONDICIONES GENERALES DE USO DEL SITIO WEB<br \/>\nhttp:\/\/vipimmobles.com<\/strong><\/p>\n<p><strong>I. INFORMACI\u00d3N GENERAL<\/strong><\/p>\n<p>En cumplimiento con el deber de informaci\u00f3n dispuesto en la Ley 34\/2002 de Servicios de la Sociedad de la Informaci\u00f3n y el Comercio Electr\u00f3nico (LSSI-CE) de 11 de julio, se facilitan a continuaci\u00f3n los siguientes datos de informaci\u00f3n general de este sitio web:<br \/>\nLa titularidad de este sitio web, http:\/\/vipimmobles.com\/, (en adelante, Sitio Web) la ostenta: M.I. MON IMMOBILIARIO, S.L., provista de NIF: B60942505 e inscrita en: Registro Mercantil de Barcelona con los siguientes datos registrales: Tomo 1145, libro 50, folio 150, cuyo representante es: David Vall\u00e9s Novel, y cuyos datos de contacto son:<\/p>\n<p>Direcci\u00f3n:<br \/>\nVillarroel, 216-218, 3\u00ba 1\u00aa<br \/>\n08036 Barcelona<br \/>\nTel\u00e9fono de contacto: 93 237 07 02<br \/>\nEmail de contacto: dvalles@vipimmobles.com<\/p>\n<p>De la misma manera, siendo la actividad ejercida por vipimmobles.com una actividad regulada se hace constar que, como tal, est\u00e1 en posesi\u00f3n de:<br \/>\nColegiado en el COL\u00b7LEGI D\u2019ADMINISTRADORS DE FINQUES DE BARCELONA-LLEIDA<br \/>\nAgente inmobiliario aicat 2031<\/p>\n<p><strong>II. T\u00c9RMINOS Y CONDICIONES GENERALES DE USO<\/strong><\/p>\n<p><strong>El objeto de las condiciones: El Sitio Web<\/strong><\/p>\n<p>El objeto de las presentes Condiciones Generales de Uso (en adelante, Condiciones) es regular el acceso y la utilizaci\u00f3n del Sitio Web. A los efectos de las presentes Condiciones se entender\u00e1 como Sitio Web: la apariencia externa de los interfaces de pantalla, tanto de forma est\u00e1tica como de forma din\u00e1mica, es decir, el \u00e1rbol de navegaci\u00f3n; y todos los elementos integrados tanto en los interfaces de pantalla como en el \u00e1rbol de navegaci\u00f3n (en adelante, Contenidos) y todos aquellos servicios o recursos en l\u00ednea que en su caso ofrezca a los Usuarios (en adelante, Servicios).<br \/>\nvipimmobles.com se reserva la facultad de modificar, en cualquier momento, y sin aviso previo, la presentaci\u00f3n y configuraci\u00f3n del Sitio Web y de los Contenidos y Servicios que en \u00e9l pudieran estar incorporados. El Usuario reconoce y acepta que en cualquier momento vipimmobles.com pueda interrumpir, desactivar y\/o cancelar cualquiera de estos elementos que se integran en el Sitio Web o el acceso a los mismos.<br \/>\nEl acceso al Sitio Web por el Usuario tiene car\u00e1cter libre y, por regla general, es gratuito sin que el Usuario tenga que proporcionar una contraprestaci\u00f3n para poder disfrutar de ello, salvo en lo relativo al coste de conexi\u00f3n a trav\u00e9s de la red de telecomunicaciones suministrada por el proveedor de acceso que hubiere contratado el Usuario.<br \/>\nLa utilizaci\u00f3n de los Contenidos no requiere previa suscripci\u00f3n o registro alguno.<\/p>\n<p><strong>El Usuario<\/strong><br \/>\nEl acceso, la navegaci\u00f3n y uso del Sitio Web, confiere la condici\u00f3n de Usuario, por lo que se aceptan, desde que se inicia la navegaci\u00f3n por el Sitio Web, todas las Condiciones aqu\u00ed establecidas, as\u00ed como sus ulteriores modificaciones, sin perjuicio de la aplicaci\u00f3n de la correspondiente normativa legal de obligado cumplimiento seg\u00fan el caso. Dada la relevancia de lo anterior, se recomienda al Usuario leerlas cada vez que visite el Sitio Web.<\/p>\n<p>El Sitio Web de vipimmobles.com proporciona gran diversidad de informaci\u00f3n, servicios y datos. El Usuario asume su responsabilidad para realizar un uso correcto del Sitio Web. Esta responsabilidad se extender\u00e1 a:<\/p>\n<p>\u2022 Un uso de la informaci\u00f3n, Contenidos y\/o Servicios y datos ofrecidos por vipimmobles.com sin que sea contrario a lo dispuesto por las presentes Condiciones, la Ley, la moral o el orden p\u00fablico, o que de cualquier otro modo puedan suponer lesi\u00f3n de los derechos de terceros o del mismo funcionamiento del Sitio Web.<br \/>\nEl mero acceso a este Sitio Web no supone entablar ning\u00fan tipo de relaci\u00f3n de car\u00e1cter comercial entre vipimmobles.com y el Usuario.<br \/>\nEl Usuario declara ser mayor de edad y disponer de la capacidad jur\u00eddica suficiente para vincularse por las presentes Condiciones. Por lo tanto, este Sitio Web de vipimmobles.com no se dirige a menores de edad. vipimmobles.com declina cualquier responsabilidad por el incumplimiento de este requisito.<br \/>\nEl Sitio Web est\u00e1 dirigido principalmente a Usuarios residentes en Espa\u00f1a. vipimmobles.com no asegura que el Sitio Web cumpla con legislaciones de otros pa\u00edses, ya sea total o parcialmente. Si el Usuario reside o tiene su domiciliado en otro lugar y decide acceder y\/o navegar en el Sitio Web lo har\u00e1 bajo su propia responsabilidad, deber\u00e1 asegurarse de que tal acceso y navegaci\u00f3n cumple con la legislaci\u00f3n local que le es aplicable, no asumiendo vipimmobles.com responsabilidad alguna que se pueda derivar de dicho acceso.<\/p>\n<p><strong>III. ACCESO Y NAVEGACI\u00d3N EN EL SITIO WEB: EXCLUSI\u00d3N DE GARANT\u00cdAS Y RESPONSABILIDAD<\/strong><\/p>\n<p>vipimmobles.com no garantiza la continuidad, disponibilidad y utilidad del Sitio Web, ni de los Contenidos o Servicios. vipimmobles.com har\u00e1 todo lo posible por el buen funcionamiento del Sitio Web, sin embargo, no se responsabiliza ni garantiza que el acceso a este Sitio Web no vaya a ser ininterrumpido o que est\u00e9 libre de error.<\/p>\n<p>Tampoco se responsabiliza o garantiza que el contenido o software al que pueda accederse a trav\u00e9s de este Sitio Web, est\u00e9 libre de error o cause un da\u00f1o al sistema inform\u00e1tico (software y hardware) del Usuario. En ning\u00fan caso vipimmobles.com ser\u00e1 responsable por las p\u00e9rdidas, da\u00f1os o perjuicios de cualquier tipo que surjan por el acceso, navegaci\u00f3n y el uso del Sitio Web, incluy\u00e9ndose, pero no limit\u00e1ndose, a los ocasionados a los sistemas inform\u00e1ticos o los provocados por la introducci\u00f3n de virus.<br \/>\nvipimmobles.com tampoco se hace responsable de los da\u00f1os que pudiesen ocasionarse a los usuarios por un uso inadecuado de este Sitio Web. En particular, no se hace responsable en modo alguno de las ca\u00eddas, interrupciones, falta o defecto de las telecomunicaciones que pudieran ocurrir.<\/p>\n<p><strong>IV. POL\u00cdTICA DE PRIVACIDAD Y PROTECCI\u00d3N DE DATOS<\/strong><\/p>\n<p>Respetando lo establecido en la legislaci\u00f3n vigente, vipimmobles.com se compromete a adoptar las medidas t\u00e9cnicas y organizativas necesarias, seg\u00fan el nivel de seguridad adecuado al riesgo de los datos recogidos.<br \/>\nLeyes que incorpora esta pol\u00edtica de privacidad<br \/>\nEsta pol\u00edtica de privacidad est\u00e1 adaptada a la normativa espa\u00f1ola y europea vigente en materia de protecci\u00f3n de datos personales en internet. En concreto, la misma respeta las siguientes normas:<\/p>\n<p>\u2022 El Reglamento (UE) 2016\/679 del Parlamento Europeo y del Consejo, de 27 de abril de 2016, relativo a la protecci\u00f3n de las personas f\u00edsicas en lo que respecta al tratamiento de datos personales y a la libre circulaci\u00f3n de estos datos (RGPD).<\/p>\n<p>\u2022 La Ley Org\u00e1nica 15\/1999, de 13 de diciembre, de Protecci\u00f3n de Datos de Car\u00e1cter Personal (LOPD).<\/p>\n<p>\u2022 El Real Decreto 1720\/2007, de 21 de diciembre, por el que se aprueba el Reglamento de desarrollo de la Ley Org\u00e1nica 15\/1999, de 13 de diciembre, de Protecci\u00f3n de Datos de Car\u00e1cter Personal (RDLOPD).<\/p>\n<p>\u2022 La Ley 34\/2002, de 11 de julio, de Servicios de la Sociedad de la Informaci\u00f3n y de Comercio Electr\u00f3nico (LSSI-CE).<\/p>\n<p><strong>V. POL\u00cdTICA DE COOKIES<\/strong><\/p>\n<p>El acceso a este Sitio Web puede implicar la utilizaci\u00f3n de cookies. Las cookies son peque\u00f1as cantidades de informaci\u00f3n que se almacenan en el navegador utilizado por cada Usuario \u2014en los distintos dispositivos que pueda utilizar para navegar\u2014 para que el servidor recuerde cierta informaci\u00f3n que posteriormente y \u00fanicamente el servidor que la implement\u00f3 leer\u00e1. Las cookies facilitan la navegaci\u00f3n, la hacen m\u00e1s amigable, y no da\u00f1an el dispositivo de navegaci\u00f3n.<br \/>\nLas cookies son procedimientos autom\u00e1ticos de recogida de informaci\u00f3n relativa a las preferencias determinadas por el Usuario durante su visita al Sitio Web con el fin de reconocerlo como Usuario, y personalizar su experiencia y el uso del Sitio Web, y pueden tambi\u00e9n, por ejemplo, ayudar a identificar y resolver errores.<br \/>\nLa informaci\u00f3n recabada a trav\u00e9s de las cookies puede incluir la fecha y hora de visitas al Sitio Web, las p\u00e1ginas visionadas, el tiempo que ha estado en el Sitio Web y los sitios visitados justo antes y despu\u00e9s del mismo. Sin embargo, ninguna cookie permite que esta misma pueda contactarse con el n\u00famero de tel\u00e9fono del Usuario o con cualquier otro medio de contacto personal. Ninguna cookie puede extraer informaci\u00f3n del disco duro del Usuario o robar informaci\u00f3n personal. La \u00fanica manera de que la informaci\u00f3n privada del Usuario forme parte del archivo Cookie es que el usuario d\u00e9 personalmente esa informaci\u00f3n al servidor.<br \/>\nLas cookies que permiten identificar a una persona se consideran datos personales. En este sentido, para la utilizaci\u00f3n de las mismas ser\u00e1 necesario el consentimiento del Usuario. Este consentimiento ser\u00e1 comunicado, en base a una elecci\u00f3n aut\u00e9ntica, ofrecido mediante una decisi\u00f3n afirmativa y positiva, antes del tratamiento inicial, removible y documentado.<br \/>\n<strong>Cookies propias<\/strong><br \/>\nSon aquellas cookies que son enviadas al ordenador o dispositivo del Usuario y gestionadas exclusivamente por vipimmobles.com para el mejor funcionamiento del Sitio Web. La informaci\u00f3n que se recaba se emplea para mejorar la calidad del Sitio Web y su Contenido y su experiencia como Usuario. Estas cookies permiten reconocer al Usuario como visitante recurrente del Sitio Web y adaptar el contenido para ofrecerle contenidos que se ajusten a sus preferencias.<br \/>\nLa(s) entidad(es) encargada(s) del suministro de cookies podr\u00e1(n) ceder esta informaci\u00f3n a terceros, siempre y cuando lo exija la ley o sea un tercero el que procese esta informaci\u00f3n para dichas entidades.<br \/>\n<strong>Deshabilitar, rechazar y eliminar cookies<\/strong><br \/>\nEl Usuario puede deshabilitar, rechazar y eliminar las cookies \u2014total o parcialmente\u2014 instaladas en su dispositivo mediante la configuraci\u00f3n de su navegador (entre los que se encuentran, por ejemplo, Chrome, Firefox, Safari, Explorer). En este sentido, los procedimientos para rechazar y eliminar las cookies pueden diferir de un navegador de Internet a otro. En consecuencia, el Usuario debe acudir a las instrucciones facilitadas por el propio navegador de Internet que est\u00e9 utilizando. En el supuesto de que rechace el uso de cookies \u2014total o parcialmente\u2014 podr\u00e1 seguir usando el Sitio Web, si bien podr\u00e1 tener limitada la utilizaci\u00f3n de algunas de las prestaciones del mismo.<br \/>\nCambios en la Pol\u00edtica de Cookies<br \/>\nEs posible que la Pol\u00edtica de Cookies del Sitio Web cambie o se actualice, por ello es recomendable que el Usuario revise esta pol\u00edtica cada vez que acceda al Sitio Web con el objetivo de estar adecuadamente informado sobre c\u00f3mo y para qu\u00e9 usamos las cookies.<\/p>\n<p><strong>VI. POL\u00cdTICA DE ENLACES<\/strong><\/p>\n<p>Se informa que el Sitio Web de vipimmobles.com pone o puede poner a disposici\u00f3n de los Usuarios medios de enlace (como, entre otros, links, banners, botones), directorios y motores de b\u00fasqueda que permiten a los Usuarios acceder a sitios web pertenecientes y\/o gestionados por terceros.<br \/>\nLa instalaci\u00f3n de estos enlaces, directorios y motores de b\u00fasqueda en el Sitio Web tiene por objeto facilitar a los Usuarios la b\u00fasqueda de y acceso a la informaci\u00f3n disponible en Internet, sin que pueda considerarse una sugerencia, recomendaci\u00f3n o invitaci\u00f3n para la visita de los mismos.<br \/>\nvipimmobles.com no ofrece ni comercializa por s\u00ed ni por medio de terceros los productos y\/o servicios disponibles en dichos sitios enlazados.<br \/>\nAsimismo, tampoco garantizar\u00e1 la disponibilidad t\u00e9cnica, exactitud, veracidad, validez o legalidad de sitios ajenos a su propiedad a los que se pueda acceder por medio de los enlaces.<br \/>\nvipimmobles.com en ning\u00fan caso revisar\u00e1 o controlar\u00e1 el contenido de otros sitios web, as\u00ed como tampoco aprueba, examina ni hace propios los productos y servicios, contenidos, archivos y cualquier otro material existente en los referidos sitios enlazados.<br \/>\nvipimmobles.com no asume ninguna responsabilidad por los da\u00f1os y perjuicios que pudieran producirse por el acceso, uso, calidad o licitud de los contenidos, comunicaciones, opiniones, productos y servicios de los sitios web no gestionados por vipimmobles.com y que sean enlazados en este Sitio Web.<br \/>\nEl Usuario o tercero que realice un hiperv\u00ednculo desde una p\u00e1gina web de otro, distinto, sitio web al Sitio Web de vipimmobles.com deber\u00e1 saber que:<br \/>\nNo se permite la reproducci\u00f3n \u2014total o parcialmente\u2014 de ninguno de los Contenidos y\/o Servicios del Sitio Web sin autorizaci\u00f3n expresa de vipimmobles.com.<br \/>\nNo se permite tampoco ninguna manifestaci\u00f3n falsa, inexacta o incorrecta sobre el Sitio Web de vipimmobles.com, ni sobre los Contenidos y\/o Servicios del mismo.<br \/>\nA excepci\u00f3n del hiperv\u00ednculo, el sitio web en el que se establezca dicho hiperenlace no contendr\u00e1 ning\u00fan elemento, de este Sitio Web, protegido como propiedad intelectual por el ordenamiento jur\u00eddico espa\u00f1ol, salvo autorizaci\u00f3n expresa de vipimmobles.com.<br \/>\nEl establecimiento del hiperv\u00ednculo no implicar\u00e1 la existencia de relaciones entre vipimmobles.com y el titular del sitio web desde el cual se realice, ni el conocimiento y aceptaci\u00f3n de vipimmobles.com de los contenidos, servicios y\/o actividades ofrecidos en dicho sitio web, y viceversa.<\/p>\n<p><strong>VII. PROPIEDAD INTELECTUAL E INDUSTRIAL<\/strong><\/p>\n<p>vipimmobles.com por s\u00ed o como parte cesionaria, es titular de todos los derechos de propiedad intelectual e industrial del Sitio Web, as\u00ed como de los elementos contenidos en el mismo (a t\u00edtulo enunciativo y no exhaustivo, im\u00e1genes, sonido, audio, v\u00eddeo, software o textos, marcas o logotipos, combinaciones de colores, estructura y dise\u00f1o, selecci\u00f3n de materiales usados, programas de ordenador necesarios para su funcionamiento, acceso y uso, etc.). Ser\u00e1n, por consiguiente, obras protegidas como propiedad intelectual por el ordenamiento jur\u00eddico espa\u00f1ol, si\u00e9ndoles aplicables tanto la normativa espa\u00f1ola y comunitaria en este campo, como los tratados internacionales relativos a la materia y suscritos por Espa\u00f1a.<br \/>\nTodos los derechos reservados. En virtud de lo dispuesto en la Ley de Propiedad Intelectual, quedan expresamente prohibidas la reproducci\u00f3n, la distribuci\u00f3n y la comunicaci\u00f3n p\u00fablica, incluida su modalidad de puesta a disposici\u00f3n, de la totalidad o parte de los contenidos de esta p\u00e1gina web, con fines comerciales, en cualquier soporte y por cualquier medio t\u00e9cnico, sin la autorizaci\u00f3n de vipimmobles.com.<br \/>\nEl Usuario se compromete a respetar los derechos de propiedad intelectual e industrial de vipimmobles.com. Podr\u00e1 visualizar los elementos del Sitio Web o incluso imprimirlos, copiarlos y almacenarlos en el disco duro de su ordenador o en cualquier otro soporte f\u00edsico siempre y cuando sea, exclusivamente, para su uso personal. El Usuario, sin embargo, no podr\u00e1 suprimir, alterar, o manipular cualquier dispositivo de protecci\u00f3n o sistema de seguridad que estuviera instalado en el Sitio Web.<br \/>\nEn caso de que el Usuario o tercero considere que cualquiera de los Contenidos del Sitio Web suponga una violaci\u00f3n de los derechos de protecci\u00f3n de la propiedad intelectual, deber\u00e1 comunicarlo inmediatamente a vipimmobles.com a trav\u00e9s de los datos de contacto del apartado de INFORMACI\u00d3N GENERAL de este Aviso Legal y Condiciones Generales de Uso.<\/p>\n<p><strong>VIII. ACCIONES LEGALES, LEGISLACI\u00d3N APLICABLE Y JURISDICCI\u00d3N<\/strong><\/p>\n<p>vipimmobles.com se reserva la facultad de presentar las acciones civiles o penales que considere necesarias por la utilizaci\u00f3n indebida del Sitio Web y Contenidos, o por el incumplimiento de las presentes Condiciones.<br \/>\nLa relaci\u00f3n entre el Usuario y vipimmobles.com se regir\u00e1 por la normativa vigente y de aplicaci\u00f3n en el territorio espa\u00f1ol. De surgir cualquier controversia en relaci\u00f3n a la interpretaci\u00f3n y\/o a la aplicaci\u00f3n de estas Condiciones las partes someter\u00e1n sus conflictos a la jurisdicci\u00f3n ordinaria someti\u00e9ndose a los jueces y tribunales que correspondan conforme a derecho.<\/p>\n<p>Ultima modificaci\u00f3n: Enero 2020[\/vc_column_text][\/vc_column][\/vc_row]","protected":false},"excerpt":{"rendered":"<p>[vc_row][vc_column][mk_padding_divider size=&#8221;167&#8243;][vc_column_text]\u00a0AVISO LEGAL Y CONDICIONES GENERALES DE USO DEL SITIO WEB http:\/\/vipimmobles.com I. INFORMACI\u00d3N GENERAL En cumplimiento con el deber de informaci\u00f3n dispuesto en la Ley 34\/2002 de Servicios de la Sociedad de la Informaci\u00f3n y el Comercio Electr\u00f3nico (LSSI-CE) de 11 de julio, se facilitan a continuaci\u00f3n los siguientes datos de informaci\u00f3n general de [&hellip;]<\/p>\n","protected":false},"author":3,"featured_media":0,"parent":0,"menu_order":0,"comment_status":"open","ping_status":"open","template":"","meta":{"_monsterinsights_skip_tracking":false,"_monsterinsights_sitenote_active":false,"_monsterinsights_sitenote_note":"","_monsterinsights_sitenote_category":0,"footnotes":""},"class_list":["post-6027","page","type-page","status-publish","hentry"],"yoast_head":"<!-- This site is optimized with the Yoast SEO plugin v27.4 - https:\/\/yoast.com\/product\/yoast-seo-wordpress\/ -->\n<title>Aviso legal - Vipimmoble<\/title>\n<meta name=\"robots\" content=\"index, follow, max-snippet:-1, max-image-preview:large, max-video-preview:-1\" \/>\n<link rel=\"canonical\" href=\"https:\/\/vipimmobles.com\/aviso-legal\/\" \/>\n<meta property=\"og:locale\" content=\"en_US\" \/>\n<meta property=\"og:type\" content=\"article\" \/>\n<meta property=\"og:title\" content=\"Aviso legal - Vipimmoble\" \/>\n<meta property=\"og:description\" content=\"[vc_row][vc_column][mk_padding_divider size=&#8221;167&#8243;][vc_column_text]\u00a0AVISO LEGAL Y CONDICIONES GENERALES DE USO DEL SITIO WEB http:\/\/vipimmobles.com I. INFORMACI\u00d3N GENERAL En cumplimiento con el deber de informaci\u00f3n dispuesto en la Ley 34\/2002 de Servicios de la Sociedad de la Informaci\u00f3n y el Comercio Electr\u00f3nico (LSSI-CE) de 11 de julio, se facilitan a continuaci\u00f3n los siguientes datos de informaci\u00f3n general de [&hellip;]\" \/>\n<meta property=\"og:url\" content=\"https:\/\/vipimmobles.com\/aviso-legal\/\" \/>\n<meta property=\"og:site_name\" content=\"Vipimmoble\" \/>\n<meta property=\"article:modified_time\" content=\"2024-07-25T11:33:49+00:00\" \/>\n<meta name=\"twitter:card\" content=\"summary_large_image\" \/>\n<meta name=\"twitter:label1\" content=\"Est. reading time\" \/>\n\t<meta name=\"twitter:data1\" content=\"40 minutes\" \/>\n<script type=\"application\/ld+json\" class=\"yoast-schema-graph\">{\"@context\":\"https:\\\/\\\/schema.org\",\"@graph\":[{\"@type\":\"WebPage\",\"@id\":\"https:\\\/\\\/vipimmobles.com\\\/aviso-legal\\\/\",\"url\":\"https:\\\/\\\/vipimmobles.com\\\/aviso-legal\\\/\",\"name\":\"Aviso legal - Vipimmoble\",\"isPartOf\":{\"@id\":\"https:\\\/\\\/vipimmobles.com\\\/#website\"},\"datePublished\":\"2017-01-31T12:03:54+00:00\",\"dateModified\":\"2024-07-25T11:33:49+00:00\",\"breadcrumb\":{\"@id\":\"https:\\\/\\\/vipimmobles.com\\\/aviso-legal\\\/#breadcrumb\"},\"inLanguage\":\"en-US\",\"potentialAction\":[{\"@type\":\"ReadAction\",\"target\":[\"https:\\\/\\\/vipimmobles.com\\\/aviso-legal\\\/\"]}]},{\"@type\":\"BreadcrumbList\",\"@id\":\"https:\\\/\\\/vipimmobles.com\\\/aviso-legal\\\/#breadcrumb\",\"itemListElement\":[{\"@type\":\"ListItem\",\"position\":1,\"name\":\"Portada\",\"item\":\"https:\\\/\\\/vipimmobles.com\\\/\"},{\"@type\":\"ListItem\",\"position\":2,\"name\":\"Aviso legal\"}]},{\"@type\":\"WebSite\",\"@id\":\"https:\\\/\\\/vipimmobles.com\\\/#website\",\"url\":\"https:\\\/\\\/vipimmobles.com\\\/\",\"name\":\"Vipimmoble\",\"description\":\"Asesoramiento y gesti\u00f3n integral de activos inmobiliarios\",\"publisher\":{\"@id\":\"https:\\\/\\\/vipimmobles.com\\\/#organization\"},\"potentialAction\":[{\"@type\":\"SearchAction\",\"target\":{\"@type\":\"EntryPoint\",\"urlTemplate\":\"https:\\\/\\\/vipimmobles.com\\\/?s={search_term_string}\"},\"query-input\":{\"@type\":\"PropertyValueSpecification\",\"valueRequired\":true,\"valueName\":\"search_term_string\"}}],\"inLanguage\":\"en-US\"},{\"@type\":\"Organization\",\"@id\":\"https:\\\/\\\/vipimmobles.com\\\/#organization\",\"name\":\"vip immobles\",\"url\":\"https:\\\/\\\/vipimmobles.com\\\/\",\"logo\":{\"@type\":\"ImageObject\",\"inLanguage\":\"en-US\",\"@id\":\"https:\\\/\\\/vipimmobles.com\\\/#\\\/schema\\\/logo\\\/image\\\/\",\"url\":\"https:\\\/\\\/vipimmobles.com\\\/wp-content\\\/uploads\\\/2017\\\/01\\\/logovp_20anos.png\",\"contentUrl\":\"https:\\\/\\\/vipimmobles.com\\\/wp-content\\\/uploads\\\/2017\\\/01\\\/logovp_20anos.png\",\"width\":150,\"height\":150,\"caption\":\"vip immobles\"},\"image\":{\"@id\":\"https:\\\/\\\/vipimmobles.com\\\/#\\\/schema\\\/logo\\\/image\\\/\"}}]}<\/script>\n<!-- \/ Yoast SEO plugin. -->","yoast_head_json":{"title":"Aviso legal - Vipimmoble","robots":{"index":"index","follow":"follow","max-snippet":"max-snippet:-1","max-image-preview":"max-image-preview:large","max-video-preview":"max-video-preview:-1"},"canonical":"https:\/\/vipimmobles.com\/aviso-legal\/","og_locale":"en_US","og_type":"article","og_title":"Aviso legal - Vipimmoble","og_description":"[vc_row][vc_column][mk_padding_divider size=&#8221;167&#8243;][vc_column_text]\u00a0AVISO LEGAL Y CONDICIONES GENERALES DE USO DEL SITIO WEB http:\/\/vipimmobles.com I. INFORMACI\u00d3N GENERAL En cumplimiento con el deber de informaci\u00f3n dispuesto en la Ley 34\/2002 de Servicios de la Sociedad de la Informaci\u00f3n y el Comercio Electr\u00f3nico (LSSI-CE) de 11 de julio, se facilitan a continuaci\u00f3n los siguientes datos de informaci\u00f3n general de [&hellip;]","og_url":"https:\/\/vipimmobles.com\/aviso-legal\/","og_site_name":"Vipimmoble","article_modified_time":"2024-07-25T11:33:49+00:00","twitter_card":"summary_large_image","twitter_misc":{"Est. reading time":"40 minutes"},"schema":{"@context":"https:\/\/schema.org","@graph":[{"@type":"WebPage","@id":"https:\/\/vipimmobles.com\/aviso-legal\/","url":"https:\/\/vipimmobles.com\/aviso-legal\/","name":"Aviso legal - Vipimmoble","isPartOf":{"@id":"https:\/\/vipimmobles.com\/#website"},"datePublished":"2017-01-31T12:03:54+00:00","dateModified":"2024-07-25T11:33:49+00:00","breadcrumb":{"@id":"https:\/\/vipimmobles.com\/aviso-legal\/#breadcrumb"},"inLanguage":"en-US","potentialAction":[{"@type":"ReadAction","target":["https:\/\/vipimmobles.com\/aviso-legal\/"]}]},{"@type":"BreadcrumbList","@id":"https:\/\/vipimmobles.com\/aviso-legal\/#breadcrumb","itemListElement":[{"@type":"ListItem","position":1,"name":"Portada","item":"https:\/\/vipimmobles.com\/"},{"@type":"ListItem","position":2,"name":"Aviso legal"}]},{"@type":"WebSite","@id":"https:\/\/vipimmobles.com\/#website","url":"https:\/\/vipimmobles.com\/","name":"Vipimmoble","description":"Asesoramiento y gesti\u00f3n integral de activos inmobiliarios","publisher":{"@id":"https:\/\/vipimmobles.com\/#organization"},"potentialAction":[{"@type":"SearchAction","target":{"@type":"EntryPoint","urlTemplate":"https:\/\/vipimmobles.com\/?s={search_term_string}"},"query-input":{"@type":"PropertyValueSpecification","valueRequired":true,"valueName":"search_term_string"}}],"inLanguage":"en-US"},{"@type":"Organization","@id":"https:\/\/vipimmobles.com\/#organization","name":"vip immobles","url":"https:\/\/vipimmobles.com\/","logo":{"@type":"ImageObject","inLanguage":"en-US","@id":"https:\/\/vipimmobles.com\/#\/schema\/logo\/image\/","url":"https:\/\/vipimmobles.com\/wp-content\/uploads\/2017\/01\/logovp_20anos.png","contentUrl":"https:\/\/vipimmobles.com\/wp-content\/uploads\/2017\/01\/logovp_20anos.png","width":150,"height":150,"caption":"vip immobles"},"image":{"@id":"https:\/\/vipimmobles.com\/#\/schema\/logo\/image\/"}}]}},"_links":{"self":[{"href":"https:\/\/vipimmobles.com\/en\/wp-json\/wp\/v2\/pages\/6027","targetHints":{"allow":["GET"]}}],"collection":[{"href":"https:\/\/vipimmobles.com\/en\/wp-json\/wp\/v2\/pages"}],"about":[{"href":"https:\/\/vipimmobles.com\/en\/wp-json\/wp\/v2\/types\/page"}],"author":[{"embeddable":true,"href":"https:\/\/vipimmobles.com\/en\/wp-json\/wp\/v2\/users\/3"}],"replies":[{"embeddable":true,"href":"https:\/\/vipimmobles.com\/en\/wp-json\/wp\/v2\/comments?post=6027"}],"version-history":[{"count":17,"href":"https:\/\/vipimmobles.com\/en\/wp-json\/wp\/v2\/pages\/6027\/revisions"}],"predecessor-version":[{"id":7729,"href":"https:\/\/vipimmobles.com\/en\/wp-json\/wp\/v2\/pages\/6027\/revisions\/7729"}],"wp:attachment":[{"href":"https:\/\/vipimmobles.com\/en\/wp-json\/wp\/v2\/media?parent=6027"}],"curies":[{"name":"wp","href":"https:\/\/api.w.org\/{rel}","templated":true}]}}